{"id":10,"date":"2025-02-24T22:01:58","date_gmt":"2025-02-24T22:01:58","guid":{"rendered":"https:\/\/compucity.com.ar\/?page_id=10"},"modified":"2026-03-05T15:07:07","modified_gmt":"2026-03-05T15:07:07","slug":"inicio","status":"publish","type":"page","link":"https:\/\/compucity.com.ar\/","title":{"rendered":""},"content":{"rendered":"<div class=\"wp-block-image\">\n<figure class=\"aligncenter size-full is-resized\"><img loading=\"lazy\" decoding=\"async\" width=\"541\" height=\"250\" src=\"https:\/\/compucity.com.ar\/wp-content\/uploads\/2025\/02\/cropped-logo-compucity-nuevo.jpg\" alt=\"\" class=\"wp-image-17\" style=\"width:357px;height:auto\" srcset=\"https:\/\/compucity.com.ar\/wp-content\/uploads\/2025\/02\/cropped-logo-compucity-nuevo.jpg 541w, https:\/\/compucity.com.ar\/wp-content\/uploads\/2025\/02\/cropped-logo-compucity-nuevo-300x139.jpg 300w\" sizes=\"auto, (max-width: 541px) 100vw, 541px\" \/><\/figure>\n<\/div>\n\n\n<h1 class=\"wp-block-heading has-text-align-center has-vivid-cyan-blue-color has-text-color has-link-color wp-elements-867af889a821f99b4abe0d795b26ebc9\"><strong>\u00bfQU\u00c9 OFRECEMOS?<\/strong> <\/h1>\n\n\n\n<p>En COMPUCITY contamos con una amplia variedad de notebooks, PC de escritorio, accesorios e insumos inform\u00e1ticos, adem\u00e1s de brindar un servicio t\u00e9cnico confiable y profesional.<\/p>\n\n\n\n<h1 class=\"wp-block-heading has-text-align-center has-vivid-cyan-blue-color has-text-color has-link-color wp-elements-b286927e714108623fcb923dce725ee1\"><strong>NUESTROS SERVICIOS<\/strong><\/h1>\n\n\n\n<ul class=\"wp-block-list\">\n<li>Venta de Notebooks y PC nuevas y usadas.<\/li>\n\n\n\n<li>Servicio T\u00e9cnico Integral.<\/li>\n\n\n\n<li>Reparaci\u00f3n de Notebooks y PC.<\/li>\n\n\n\n<li>Optimizaci\u00f3n y mantemiento de equipos.<\/li>\n\n\n\n<li>Formateos, eliminaci\u00f3n de virus y recuperaci\u00f3n de datos.<\/li>\n\n\n\n<li>Trabajamos con responsabilidad, transparencia y garant\u00eda en cada servicio.<\/li>\n<\/ul>\n\n\n\n<p><\/p>\n\n\n\n<p><\/p>\n\n\n\n<h1 class=\"wp-block-heading has-text-align-center has-vivid-cyan-blue-color has-text-color has-link-color wp-elements-9eef92d0814fedf8111d4b33bc9806f5\"><strong>ATENCI\u00d3N PERSONALIZADA <\/strong><\/h1>\n\n\n\n<ul class=\"wp-block-list\">\n<li>Nuestro compromiso es ofrecerle asesoramiento claro, precios competitivos y soluciones reales.<\/li>\n\n\n\n<li>Visitanos en nuestro local o contactanos para recibir asesoramiento personalizado.<\/li>\n<\/ul>\n\n\n\n<h1 class=\"wp-block-heading has-text-align-center has-vivid-cyan-blue-color has-text-color has-link-color wp-elements-1c0e3d9521bea56fc484ad1e79327c9a\"><strong>22 A\u00d1OS DE EXPERIENCIA NOS RESPALDAN <\/strong><\/h1>\n\n\n\n<p>Desde 2004 comenzamos este camino con una meta clara: acercar soluciones tecnol\u00f3gicas confiables a cada cliente. A lo largo de m\u00e1s de dos d\u00e9cadas, crecimos junto a la evoluci\u00f3n de la Inform\u00e1tica, adapt\u00e1ndonos a los cambios y manteniendo siempre el mismo compromiso: <em>BRINDAR CALIDAD, CONFIANZA Y ATENCI\u00d3N PERSONALIZADA.<\/em><\/p>\n\n\n\n<p>Nuestra experiencia nos permite asesorar de manera profesional en la venta de notebooks, PC, insumos y accesorios, ofreciendo siempre productos de primeras marcas y el mejor respaldo t\u00e9cnico. <\/p>\n\n\n\n<p>Durante estos 22 a\u00f1os construimos relaciones basadas en la confianza, acompa\u00f1ando a empresas, profesionales y familias en cada etapa tecnol\u00f3gica.<\/p>\n\n\n\n<p><\/p>\n","protected":false},"excerpt":{"rendered":"<p>\u00bfQU\u00c9 OFRECEMOS? En COMPUCITY contamos con una amplia variedad de notebooks, PC de escritorio, accesorios e insumos inform\u00e1ticos, adem\u00e1s de brindar un servicio t\u00e9cnico confiable y profesional. NUESTROS SERVICIOS ATENCI\u00d3N PERSONALIZADA 22 A\u00d1OS DE EXPERIENCIA NOS RESPALDAN Desde 2004 comenzamos este camino con una meta clara: acercar soluciones tecnol\u00f3gicas confiables a cada cliente. A lo &hellip; <\/p>\n<p class=\"link-more\"><a href=\"https:\/\/compucity.com.ar\/\" class=\"more-link\">Continuar leyendo<span class=\"screen-reader-text\"> \u00ab\u00bb<\/span><\/a><\/p>\n","protected":false},"author":1,"featured_media":0,"parent":0,"menu_order":0,"comment_status":"closed","ping_status":"closed","template":"","meta":{"footnotes":""},"class_list":["post-10","page","type-page","status-publish","hentry"],"_links":{"self":[{"href":"https:\/\/compucity.com.ar\/index.php?rest_route=\/wp\/v2\/pages\/10","targetHints":{"allow":["GET"]}}],"collection":[{"href":"https:\/\/compucity.com.ar\/index.php?rest_route=\/wp\/v2\/pages"}],"about":[{"href":"https:\/\/compucity.com.ar\/index.php?rest_route=\/wp\/v2\/types\/page"}],"author":[{"embeddable":true,"href":"https:\/\/compucity.com.ar\/index.php?rest_route=\/wp\/v2\/users\/1"}],"replies":[{"embeddable":true,"href":"https:\/\/compucity.com.ar\/index.php?rest_route=%2Fwp%2Fv2%2Fcomments&post=10"}],"version-history":[{"count":22,"href":"https:\/\/compucity.com.ar\/index.php?rest_route=\/wp\/v2\/pages\/10\/revisions"}],"predecessor-version":[{"id":102,"href":"https:\/\/compucity.com.ar\/index.php?rest_route=\/wp\/v2\/pages\/10\/revisions\/102"}],"wp:attachment":[{"href":"https:\/\/compucity.com.ar\/index.php?rest_route=%2Fwp%2Fv2%2Fmedia&parent=10"}],"curies":[{"name":"wp","href":"https:\/\/api.w.org\/{rel}","templated":true}]}}